{"id":291,"date":"2016-11-02T12:41:26","date_gmt":"2016-11-02T10:41:26","guid":{"rendered":"http:\/\/www.projeglobal.com\/?page_id=291&#038;lang=en"},"modified":"2018-12-05T11:11:25","modified_gmt":"2018-12-05T08:11:25","slug":"home","status":"publish","type":"page","link":"https:\/\/www.projeglobal.com\/en\/","title":{"rendered":"Home"},"content":{"rendered":"<section class=\"tcvpb_section_tc simgeler\" style=\"padding-top:10px;\">\n\t\t\n\t\t<div class=\"tcvpb_section_content\"><div class=\"tcvpb_container\"><div class=\"tcvpb_column_tc_span3\"><div  class=\" \" >\n<p class=\"p_tc\"><img loading=\"lazy\" style=\"display: block; margin-left: auto; margin-right: auto;\" src=\"http:\/\/www.projeglobal.com\/wp-content\/uploads\/2016\/06\/deniz.png\" width=\"100\" height=\"100\" \/><\/p>\n<p class=\"p_tc\" style=\"text-align: center;\"><a href=\"http:\/\/www.projeglobal.com\/en\/maritime-transportation\/\">Maritime Transportation<\/a><\/p>\n<p class=\"p_tc\" style=\"text-align: center;\">ProjeGlobal Logistics, with long time agreements with container line operators, purchasing capacity thanks to rich&#8230;<\/p>\n<\/div><\/div><div class=\"tcvpb_column_tc_span3\"><div  class=\" \" >\n<p class=\"p_tc\"><img loading=\"lazy\" style=\"display: block; margin-left: auto; margin-right: auto;\" src=\"http:\/\/www.projeglobal.com\/wp-content\/uploads\/2016\/06\/kara.png\" width=\"100\" height=\"100\" \/><\/p>\n<p class=\"p_tc\" style=\"text-align: center;\"><a href=\"http:\/\/www.projeglobal.com\/en\/road-transpotation\/\">Road Transpotation<\/a><\/p>\n<p class=\"p_tc\" style=\"text-align: center;\">We provide fast and high quality services with our forwarding experience and customer oriented perspective to all&#8230;<\/p>\n<\/div><\/div><div class=\"tcvpb_column_tc_span3\"><div  class=\" \" >\n<p class=\"p_tc\"><img loading=\"lazy\" style=\"display: block; margin-left: auto; margin-right: auto;\" src=\"http:\/\/www.projeglobal.com\/wp-content\/uploads\/2016\/06\/hava.png\" width=\"100\" height=\"100\" \/><\/p>\n<p class=\"p_tc\" style=\"text-align: center;\"><a href=\"http:\/\/www.projeglobal.com\/en\/air-freight\/\">Air Freight<\/a><\/p>\n<p class=\"p_tc\" style=\"text-align: center;\">Whe have been the most reliable solution partner in all air freights from the samallest freights to charter plane shippings&#8230;<\/p>\n<\/div><\/div><div class=\"tcvpb_column_tc_span3\"><div  class=\" \" >\n<p class=\"p_tc\"><img loading=\"lazy\" style=\"display: block; margin-left: auto; margin-right: auto;\" src=\"http:\/\/www.projeglobal.com\/wp-content\/uploads\/2016\/06\/proje.png\" width=\"100\" height=\"100\" \/><\/p>\n<p class=\"p_tc\" style=\"text-align: center;\"><a href=\"http:\/\/www.projeglobal.com\/en\/railway-transportation\/\">Railway Transportation<\/a><\/p>\n<p class=\"p_tc\" style=\"text-align: center;\">Cargo and Container transportation. Door to doo transportation. Terminal handling. Consultancy&#8230;<\/p>\n<\/div><\/div><\/div><\/div>\n\t\t\n\t\t\n\t<\/section><section class=\"tcvpb_section_tc tablolar\" data-background_image=\"http:\/\/www.projeglobal.com\/wp-content\/uploads\/2016\/05\/orta.jpg\" style=\"background-image:url(http:\/\/www.projeglobal.com\/wp-content\/uploads\/2016\/05\/orta.jpg);background-repeat:no-repeat;background-size:cover;background-position:center top;\">\n\t\t\n\t\t<div class=\"tcvpb_section_content\"><div class=\"tcvpb_container\"><div class=\"tcvpb_column_tc_span12\"><div  class=\" \" >\n<p class=\"p_tc\" style=\"text-align: center;\"><span style=\"font-size: 14pt; color: #333399;\">ProjeGlobal, <\/span><\/p>\n<p class=\"p_tc\" style=\"text-align: center;\">In logistic section, we have headed for new targets with adaptation to the international standarts and continuous development principles. Besides the success that we got in Mersin ,we also got the same success nationwide by offering universal quality product and assistance.<\/p>\n<\/div><div  class=\"tcvpb-table tcvpb-table-condensed  \" >\n<table>\n<tbody>\n<tr>\n<td>\n<p class=\"p_tc\"><img loading=\"lazy\" style=\"display: block; margin-left: auto; margin-right: auto;\" src=\"http:\/\/www.projeglobal.com\/wp-content\/uploads\/2016\/06\/yurtici-kara.jpg\" alt=\"\" width=\"262\" height=\"192\" \/><\/p>\n<p class=\"p_tc\" style=\"text-align: center;\"><a href=\"http:\/\/www.projeglobal.com\/en\/combined-transportation\/\">Combined Transportation<\/a><\/p>\n<\/td>\n<td>\n<p class=\"p_tc\"><img loading=\"lazy\" style=\"display: block; margin-left: auto; margin-right: auto;\" src=\"http:\/\/www.projeglobal.com\/wp-content\/uploads\/2016\/06\/depo-daigitim.jpg\" alt=\"\" width=\"262\" height=\"192\" \/><\/p>\n<p class=\"p_tc\" style=\"text-align: center;\"><a href=\"http:\/\/www.projeglobal.com\/en\/project-shipping\/\">Project Shipping<\/a><\/p>\n<\/td>\n<td>\n<p class=\"p_tc\"><img loading=\"lazy\" style=\"display: block; margin-left: auto; margin-right: auto;\" src=\"http:\/\/www.projeglobal.com\/wp-content\/uploads\/2016\/06\/perakende.jpg\" alt=\"\" width=\"262\" height=\"192\" \/><\/p>\n<p class=\"p_tc\" style=\"text-align: center;\"><a href=\"http:\/\/www.projeglobal.com\/en\/international-trade\/\">International Trade<\/a><\/p>\n<\/td>\n<td>\n<p class=\"p_tc\"><img loading=\"lazy\" style=\"display: block; margin-left: auto; margin-right: auto;\" src=\"http:\/\/www.projeglobal.com\/wp-content\/uploads\/2016\/06\/bitmis-arac.jpg\" alt=\"\" width=\"262\" height=\"192\" \/><\/p>\n<p class=\"p_tc\" style=\"text-align: center;\"><a href=\"http:\/\/www.projeglobal.com\/en\/other-services\/\">Other Services<\/a><\/p>\n<\/td>\n<\/tr>\n<\/tbody>\n<\/table>\n<p class=\"p_tc\">&nbsp;\n<\/div><\/div><\/div><\/div>\n\t\t\n\t\t\n\t<\/section><section class=\"tcvpb_section_tc section_with_header\">\n\t\t<header><div class=\"tcvpb_container\"><h3>PORTS<\/h3><\/div><\/header>\n\t\t<div class=\"tcvpb_section_content\"><div class=\"tcvpb_container\"><div class=\"tcvpb_column_tc_span6\"><div  class=\" \" >\n<p class=\"p_tc\" style=\"text-align: center;\"><strong>ORTADO\u011eU &#8211; UZAKDO\u011eU \u2013 AFR\u0130KA &#8211; KIZILDEN\u0130Z &#8211; H\u0130ND\u0130STAN &#8211; PAK\u0130STAN L\u0130MANLARI<\/strong><\/p>\n<p class=\"p_tc\"><strong>(T\u00fcrkiye)<\/strong> Mersin, \u0130stanbul , \u0130zmir, \u0130zmit, \u0130skenderun, Bursa, Antalya, Samsun<\/p>\n<p class=\"p_tc\"><strong>(Suudi Arabistan)<\/strong> Jeddah, Dammam, R\u0131yadh, K\u0131ngAbdullah<\/p>\n<p class=\"p_tc\"><strong>(United Arap Emirates)<\/strong> Dubai &#8211; Jebel ali, Abu Dhab\u0131, Ajman, Khorfakkan, Sharjah, <strong>(Irak)<\/strong> Umm Qasr, <strong>(\u0130ran)<\/strong> Bandar Abbas, <strong>(Syr\u0131a)<\/strong> Lattak\u0131a , <strong>(Lebanon)<\/strong> Be\u0131rut, <strong>(Oman)<\/strong> Salalah , Sohar <strong>(Kuwa\u0131t)<\/strong> Shuwa\u0131kh <strong>(Yemen)<\/strong> Aden , <strong>(Qatar)<\/strong> Hamad &#8211; ,<strong> (Bahra\u0131n)<\/strong> Bahra\u0131n <strong>(Sudan)<\/strong> Port Sudan <strong>(Israel)<\/strong> Ashdod, Ha\u0131fa <strong>(Jordan)<\/strong> Aqaba, <strong>(Dj\u0131bouti)<\/strong> Dj\u0131bouti <strong>(Cezayir)<\/strong> Alger , Oran, Annaba <strong>( Morocco)<\/strong> Casablanca, Port Tang\u0131er <strong>(Ivory Coast)<\/strong> Abidjan <strong>(Libya)<\/strong> M\u0131surata, Tripoli, Al Khums <strong>(Pakistan)<\/strong> Karach\u0131, Port qas\u0131m <strong>(Tanzan\u0131a)<\/strong> Dar Es Salaam , <strong>(Kenya)<\/strong> Mombasa <strong>(Angola)<\/strong> Luanda <strong>(Niger\u0131a)<\/strong> Apapa \u2013 Lagos, Onne T\u0131ncan , <strong>(Ghana)<\/strong> Tema , <strong>(Guiena)<\/strong> Conakry, Bissau , <strong>( Egypt)<\/strong> Alexandr\u0131a, El dekheila, Dam\u0131etta, Port Sa\u0131d, Sokhna,<\/p>\n<p class=\"p_tc\"><strong>(Ch\u0131na)<\/strong> Shangha\u0131 , N\u0131ngbo, T\u0131anj\u0131n, Q\u0131ngdao, X\u0131amen, Busan, Huangpu, Guangzhou, Xingang<\/p>\n<p class=\"p_tc\">Xiamen, Yantian, Beijiao, Jiangmen, Nanjing, Sanshan, Dal\u0131an, Hong Kong , <strong>(Taiwan)<\/strong> Kaohsiung, Keelung<\/p>\n<p class=\"p_tc\">Taichung, Taoyuan, Taipei <strong>(Thailand)<\/strong> Bangkok, Songkhla, Lat Krabang, Laem Chabang <strong>(Indonesia)<\/strong> Surabaya<\/p>\n<p class=\"p_tc\">Jakarta, Semarang, Belawan&nbsp; <strong>(India)<\/strong> Chenna\u0131 , Coch\u0131n, Kandla, Mumba\u0131, Mundra, Nhava Sheva, New Delhi,<\/p>\n<p class=\"p_tc\">Pipavav, Kolkata, Madras <strong>(Philippines)<\/strong> Manila, Subic Bay <strong>(Malaysia)<\/strong> Penang, Port Kelang,&nbsp; Pasir Gudang,<\/p>\n<p class=\"p_tc\">Kuch\u0131ng <strong>(Sri Lanka)<\/strong> Colombo , <strong>(Cambodia)<\/strong> Sihanoukville, <strong>(Bangladesh)<\/strong> Chittagong, <strong>(Myanmar)<\/strong> Yangon<\/p>\n<p class=\"p_tc\"><strong>(Japan)<\/strong> Tokyo, Tokush\u0131ma, Yokohama, Oska, Nagasaki, Fush\u0131k\u0131 ,<\/p>\n<p class=\"p_tc\"><strong>(Vietnam)<\/strong> Ha\u0131phong , Ho Ch\u0131 M\u0131nh, Tan Chang Ca\u0131 <strong>(Korea)<\/strong> Busan,&nbsp;\n<\/div><\/div><div class=\"tcvpb_column_tc_span4\"><div  class=\" \" >\n<p class=\"p_tc\" style=\"text-align: center;\"><strong>AVRUPA \u2013 ISKANDINAVYA \u2013 INGILTERE \u2013 IRLANDA \u2013 AUSTRALIA &#8211; RUSSIA<\/strong><\/p>\n<p class=\"p_tc\"><strong>(Germany)<\/strong> Hamburg&nbsp; &#8211;<strong> (Netherlands)<\/strong> Amsterdam, Rotterdam<\/p>\n<p class=\"p_tc\"><strong>(Belg\u0131um)<\/strong> Antwerp &#8211; <strong>(France)<\/strong> La Havre , Fos Sur Mer , Marseille<\/p>\n<p class=\"p_tc\"><strong>(Portugal)<\/strong> Le\u0131xous , Lisbon , Setubal &#8211; <strong>(Spain)<\/strong> Cadiz , Valencia,Barcelona<\/p>\n<p class=\"p_tc\">Algec\u0131ras &nbsp;&#8211; <strong>(Italy)<\/strong> Genoa, La Spez\u0131a ,Napoli , Salerno &#8211; <strong>(Greece)<\/strong> Selanik<\/p>\n<p class=\"p_tc\">P\u0131raeus , <strong>(Polonya)<\/strong> Gdyna \u2013 <strong>(Sweden)<\/strong> Helsinborg , Malmo\u2013 <strong>(F\u0131nland)<\/strong> Helsinki<\/p>\n<p class=\"p_tc\"><strong>(Lithuania)<\/strong> Klapedi \u2013 <strong>(Norway)<\/strong> Oslo \u2013 <strong>(Croatia)<\/strong> Rijeka \u2013 <strong>(Bulgar\u0131a)<\/strong> Varna<\/p>\n<p class=\"p_tc\"><strong>(Ireland)<\/strong> Dublin &#8211; <strong>(Ukraine)<\/strong> Odessa \u2013 <strong>(Romania)<\/strong> Constanza<\/p>\n<p class=\"p_tc\"><strong>(Slovenia)<\/strong> Koper , <strong>(Un\u0131ted K\u0131ngdom)<\/strong> Fel\u0131xstowe , London, Liverpool,<\/p>\n<p class=\"p_tc\"><strong>(Denmark)<\/strong> Copenhagen <strong>(Austral\u0131a)<\/strong> Sydney, Melbourne, Brisbane,Adelaide, Fremantle<\/p>\n<p class=\"p_tc\"><strong>(Georgia)<\/strong> Poti <strong>(Russ\u0131a)<\/strong> Novoross\u0131ysk, St.Petersburg&nbsp;\n<\/div><\/div><div class=\"tcvpb_column_tc_span2\"><div  class=\" \" >\n<p class=\"p_tc\" style=\"text-align: center;\"><strong>KUZEY AMER\u0130KA &#8211; G\u00dcNEY AMER\u0130KA &#8211; CANADA<\/strong><\/p>\n<p class=\"p_tc\">New York, Norfolk, Savannah, Charleston, M\u0131am\u0131, Houston, Seatle, Oakland, Portland, Los Angeles<\/p>\n<p class=\"p_tc\">La gua\u0131ra, Valpara\u0131so, Buenaventura, Cartagena, Puerto Cabella, Salvador, R\u0131o De Jane\u0131ro, Sanstos, Buenos A\u0131res, Veracruz, Altam\u0131ra<\/p>\n<p class=\"p_tc\">Toronto , Montreal<\/p>\n<\/div><\/div><\/div><\/div>\n\t\t\n\t\t\n\t<\/section><section class=\"tcvpb_section_tc\">\n\t\t\n\t\t<div class=\"tcvpb_section_content\"><div class=\"tcvpb_container\"><div class=\"tcvpb_column_tc_span6\"><div  class=\"tcvpb-image  tcvpb-animo fadeIn\"  data-trigger_pt=\"0\" data-duration=\"1000\" data-delay=\"0\"><img src=\"http:\/\/www.projeglobal.com\/wp-content\/uploads\/2016\/06\/map.png\"><\/div><\/div><div class=\"tcvpb_column_tc_span6\"><h3  class=\"h3alt \" >\n<p class=\"p_tc\">&nbsp;\n<p class=\"p_tc\"><span style=\"color: #ff6600;\">Proje Global<\/span><\/p>\n<\/h3><div  class=\" \" >\n<p class=\"p_tc\">Besides to our current international contacts,<\/p>\n<p class=\"p_tc\">we have been going on adding new<\/p>\n<p class=\"p_tc\">victories to for our country<\/p>\n<p class=\"p_tc\">and customers.&nbsp;\n<\/div><\/div><\/div><\/div>\n\t\t\n\t\t\n\t<\/section><section class=\"tcvpb_section_tc anasayfa section_body_fullwidth section_no_column_margin\">\n\t\t\n\t\t<div class=\"tcvpb_section_content\"><div class=\"tcvpb_container\"><div class=\"tcvpb_column_tc_span12\"><div class=\"tcvpb-teaser\">\n\t\t\t<div class=\"container\">\n\t\t\t\t<span class=\"tcvpb_teaser_title\">DOOR TO DOOR<\/span>\n\t\t\t\t\n\t\t\t\t<i class=\"\"><\/i>\n\t\t\t\t<img src=\"http:\/\/www.projeglobal.com\/wp-content\/uploads\/2016\/05\/human.png\">\n\t\t\t<\/div>\n\t\t<\/div><\/div><\/div><\/div>\n\t\t\n\t\t\n\t<\/section>\n","protected":false},"excerpt":{"rendered":"","protected":false},"author":1,"featured_media":0,"parent":0,"menu_order":0,"comment_status":"closed","ping_status":"closed","template":"page-front-page.php","meta":{"_joinchat":[]},"aioseo_notices":[],"_links":{"self":[{"href":"https:\/\/www.projeglobal.com\/en\/wp-json\/wp\/v2\/pages\/291"}],"collection":[{"href":"https:\/\/www.projeglobal.com\/en\/wp-json\/wp\/v2\/pages"}],"about":[{"href":"https:\/\/www.projeglobal.com\/en\/wp-json\/wp\/v2\/types\/page"}],"author":[{"embeddable":true,"href":"https:\/\/www.projeglobal.com\/en\/wp-json\/wp\/v2\/users\/1"}],"replies":[{"embeddable":true,"href":"https:\/\/www.projeglobal.com\/en\/wp-json\/wp\/v2\/comments?post=291"}],"version-history":[{"count":8,"href":"https:\/\/www.projeglobal.com\/en\/wp-json\/wp\/v2\/pages\/291\/revisions"}],"predecessor-version":[{"id":498,"href":"https:\/\/www.projeglobal.com\/en\/wp-json\/wp\/v2\/pages\/291\/revisions\/498"}],"wp:attachment":[{"href":"https:\/\/www.projeglobal.com\/en\/wp-json\/wp\/v2\/media?parent=291"}],"curies":[{"name":"wp","href":"https:\/\/api.w.org\/{rel}","templated":true}]}}