{"id":593,"date":"2018-12-13T12:35:27","date_gmt":"2018-12-13T09:35:27","guid":{"rendered":"https:\/\/www.projeglobal.com\/en\/?page_id=593"},"modified":"2018-12-13T12:35:27","modified_gmt":"2018-12-13T09:35:27","slug":"selection","status":"publish","type":"page","link":"https:\/\/www.projeglobal.com\/en\/selection\/","title":{"rendered":"ta\u015f\u0131mac\u0131l\u0131k selection"},"content":{"rendered":"<p>\u00dclke Nakliyeleri:<\/p>\n<div class=\"span3 clearfix\">\n<div id=\"recent-posts-3\" class=\"widget widget_recent_entries\">\n<ul>\n<li><a href=\"https:\/\/www.projeglobal.com\/romanya-nakliye-turkiye-nakliye\/\">Romanya Nakliye -T\u00fcrkiye Nakliye<\/a><\/li>\n<li><a href=\"https:\/\/www.projeglobal.com\/gurcistan-nakliye-turkiye-nakliye\/\">G\u00fcrcistan Nakliye -T\u00fcrkiye Nakliye<\/a><\/li>\n<li><a href=\"https:\/\/www.projeglobal.com\/kazakistan-turkiye-nakliye\/\">Kazakistan -T\u00fcrkiye Nakliye<\/a><\/li>\n<li><a href=\"https:\/\/www.projeglobal.com\/azerbaycan-nakliye\/\">Azerbaycan Nakliye<\/a><\/li>\n<\/ul>\n<\/div>\n<\/div>\n","protected":false},"excerpt":{"rendered":"<p>\u00dclke Nakliyeleri: Romanya Nakliye -T\u00fcrkiye Nakliye G\u00fcrcistan Nakliye -T\u00fcrkiye Nakliye Kazakistan -T\u00fcrkiye Nakliye Azerbaycan Nakliye<\/p>\n","protected":false},"author":1,"featured_media":0,"parent":0,"menu_order":0,"comment_status":"closed","ping_status":"closed","template":"","meta":{"_joinchat":[]},"aioseo_notices":[],"_links":{"self":[{"href":"https:\/\/www.projeglobal.com\/en\/wp-json\/wp\/v2\/pages\/593"}],"collection":[{"href":"https:\/\/www.projeglobal.com\/en\/wp-json\/wp\/v2\/pages"}],"about":[{"href":"https:\/\/www.projeglobal.com\/en\/wp-json\/wp\/v2\/types\/page"}],"author":[{"embeddable":true,"href":"https:\/\/www.projeglobal.com\/en\/wp-json\/wp\/v2\/users\/1"}],"replies":[{"embeddable":true,"href":"https:\/\/www.projeglobal.com\/en\/wp-json\/wp\/v2\/comments?post=593"}],"version-history":[{"count":1,"href":"https:\/\/www.projeglobal.com\/en\/wp-json\/wp\/v2\/pages\/593\/revisions"}],"predecessor-version":[{"id":594,"href":"https:\/\/www.projeglobal.com\/en\/wp-json\/wp\/v2\/pages\/593\/revisions\/594"}],"wp:attachment":[{"href":"https:\/\/www.projeglobal.com\/en\/wp-json\/wp\/v2\/media?parent=593"}],"curies":[{"name":"wp","href":"https:\/\/api.w.org\/{rel}","templated":true}]}}